{"id":81,"date":"2015-03-18T12:23:54","date_gmt":"2015-03-18T11:23:54","guid":{"rendered":"http:\/\/www.bestattungen-meid.de\/?page_id=81"},"modified":"2025-10-08T16:46:55","modified_gmt":"2025-10-08T14:46:55","slug":"kontakt","status":"publish","type":"page","link":"https:\/\/www.bestattungen-meid.de\/?page_id=81","title":{"rendered":"Kontakt"},"content":{"rendered":"<h1>Sie k\u00f6nnen uns gerne jederzeit kontaktieren.<\/h1>\n<p>Bestattungen Meid<br \/>\nHermann-Hesse-Platz 1<\/p>\n<p>76669 Bad Sch\u00f6nborn<\/p>\n<h2>Filiale:<\/h2>\n<p>Hauptstra\u00dfe 43a Bad Sch\u00f6nborn<\/p>\n<p>Kirchplatz 10, 76698 Ubstadt-Weiher<\/p>\n<p>Mario Meid mobil : 0179 \/ 84 05 68 5<br \/>\nNicole Meid mobil : 0175 \/ 86 85 47 3<br \/>\nTelefon: 07 25 3 \/ 88 01 30<br \/>\nFax: 07 25 3 \/ 88 01 31<br \/>\nMail: <a href=\"mailto:info@bestattungen-meid.de\">info@bestattungen-meid.de<\/a><\/p>\n","protected":false},"excerpt":{"rendered":"<p>Sie k\u00f6nnen uns gerne jederzeit kontaktieren. Bestattungen Meid Hermann-Hesse-Platz 1 76669 Bad Sch\u00f6nborn Filiale: Hauptstra\u00dfe 43a Bad Sch\u00f6nborn Kirchplatz 10, 76698 Ubstadt-Weiher Mario Meid mobil : 0179 \/ 84 05 68 5 Nicole Meid mobil : 0175 \/ 86 85 47 3 Telefon: 07 25 3 \/ 88 01 30 Fax: 07 25 3 \/ &hellip; <a href=\"https:\/\/www.bestattungen-meid.de\/?page_id=81\" class=\"more-link\">Continue reading <span class=\"screen-reader-text\">Kontakt<\/span> <span class=\"meta-nav\">&rarr;<\/span><\/a><\/p>\n","protected":false},"author":1,"featured_media":0,"parent":0,"menu_order":0,"comment_status":"closed","ping_status":"closed","template":"","meta":[],"_links":{"self":[{"href":"https:\/\/www.bestattungen-meid.de\/index.php?rest_route=\/wp\/v2\/pages\/81"}],"collection":[{"href":"https:\/\/www.bestattungen-meid.de\/index.php?rest_route=\/wp\/v2\/pages"}],"about":[{"href":"https:\/\/www.bestattungen-meid.de\/index.php?rest_route=\/wp\/v2\/types\/page"}],"author":[{"embeddable":true,"href":"https:\/\/www.bestattungen-meid.de\/index.php?rest_route=\/wp\/v2\/users\/1"}],"replies":[{"embeddable":true,"href":"https:\/\/www.bestattungen-meid.de\/index.php?rest_route=%2Fwp%2Fv2%2Fcomments&post=81"}],"version-history":[{"count":20,"href":"https:\/\/www.bestattungen-meid.de\/index.php?rest_route=\/wp\/v2\/pages\/81\/revisions"}],"predecessor-version":[{"id":1243,"href":"https:\/\/www.bestattungen-meid.de\/index.php?rest_route=\/wp\/v2\/pages\/81\/revisions\/1243"}],"wp:attachment":[{"href":"https:\/\/www.bestattungen-meid.de\/index.php?rest_route=%2Fwp%2Fv2%2Fmedia&parent=81"}],"curies":[{"name":"wp","href":"https:\/\/api.w.org\/{rel}","templated":true}]}}