{"id":8,"date":"2015-03-10T15:53:44","date_gmt":"2015-03-10T14:53:44","guid":{"rendered":"http:\/\/www.bestattungen-meid.de\/?page_id=8"},"modified":"2025-10-08T16:52:41","modified_gmt":"2025-10-08T14:52:41","slug":"willkommen-bei-ihrem-bestattungsinstitut-meid","status":"publish","type":"page","link":"https:\/\/www.bestattungen-meid.de\/","title":{"rendered":"Willkommen bei Bestattungen Meid"},"content":{"rendered":"\n<figure class=\"wp-block-image\"><img decoding=\"async\" src=\"http:\/\/www.bestattungen-meid.de\/wp-content\/uploads\/2015\/03\/invi.gif\" alt=\"invi\"\/><\/figure>\n\n\n\n<div class=\"bildtext1\">&nbsp;<\/div>\n\n\n\n<blockquote class=\"wp-block-quote\">\n<p class=\"has-text-color\" style=\"color:#1064a8\">\u201eDas Leben ist wie eine Pusteblume, wenn die Zeit gekommen ist, muss jeder alleine weiter fliegen.\u201c<\/p>\n<\/blockquote>\n\n\n\n<figure class=\"wp-block-image\"><img decoding=\"async\" src=\"http:\/\/www.bestattungen-meid.de\/wp-content\/uploads\/2015\/03\/invi.gif\" alt=\"invi\"\/><\/figure>\n\n\n\n<div class=\"bildtext1\">\u00a0<\/div>\n\n\n\n<h1 class=\"wp-block-heading\">Willkommen bei Ihrem Bestattungen Meid seit 2005<\/h1>\n\n\n\n<p><\/p>\n\n\n\n<p class=\"has-text-align-left\">Bestattungen Meid &#8211; Bad Sch\u00f6nborn, Ubstadt-Weiher und Umgebung &#8211; seit 2005.<br>Wir sind im Trauerfall f\u00fcr Sie da: Individuell, professionell, w\u00fcrdevoll und zu fairen Preisen.<br>Denn Sie m\u00fcssen diesen schweren Weg nicht alleine gehen!<\/p>\n\n\n\n<p>Wir begleiten sie liebevoll auf ihrem schweren Weg und sorgen daf\u00fcr, dass die Formalit\u00e4ten im Hintergrund erledigt werden und somit Platz und Zeit f\u00fcr die Trauer bleibt.<\/p>\n\n\n\n<p>Unser Ziel ist es, dass Angeh\u00f6rige, vor und nach der Trauerfeier, kompetente Unterst\u00fctzung finden und in angemessener Form Abschied nehmen k\u00f6nnen.<\/p>\n\n\n\n<p>Seit 01.02.2020 f\u00fchren wir zus\u00e4tzlich <strong>Bestattungen Edmund Ganninger<\/strong> (Kirchplatz 10, Ubstadt-<strong>Weiher<\/strong>) weiter.<\/p>\n\n\n\n<p>Nicole und Mario Meid<\/p>\n","protected":false},"excerpt":{"rendered":"<p>&nbsp; \u201eDas Leben ist wie eine Pusteblume, wenn die Zeit gekommen ist, muss jeder alleine weiter fliegen.\u201c \u00a0 Willkommen bei Ihrem Bestattungen Meid seit 2005 Bestattungen Meid &#8211; Bad Sch\u00f6nborn, Ubstadt-Weiher und Umgebung &#8211; seit 2005.Wir sind im Trauerfall f\u00fcr Sie da: Individuell, professionell, w\u00fcrdevoll und zu fairen Preisen.Denn Sie m\u00fcssen diesen schweren Weg nicht &hellip; <a href=\"https:\/\/www.bestattungen-meid.de\/\" class=\"more-link\">Continue reading <span class=\"screen-reader-text\">Willkommen bei Bestattungen Meid<\/span> <span class=\"meta-nav\">&rarr;<\/span><\/a><\/p>\n","protected":false},"author":1,"featured_media":0,"parent":0,"menu_order":0,"comment_status":"closed","ping_status":"closed","template":"","meta":[],"_links":{"self":[{"href":"https:\/\/www.bestattungen-meid.de\/index.php?rest_route=\/wp\/v2\/pages\/8"}],"collection":[{"href":"https:\/\/www.bestattungen-meid.de\/index.php?rest_route=\/wp\/v2\/pages"}],"about":[{"href":"https:\/\/www.bestattungen-meid.de\/index.php?rest_route=\/wp\/v2\/types\/page"}],"author":[{"embeddable":true,"href":"https:\/\/www.bestattungen-meid.de\/index.php?rest_route=\/wp\/v2\/users\/1"}],"replies":[{"embeddable":true,"href":"https:\/\/www.bestattungen-meid.de\/index.php?rest_route=%2Fwp%2Fv2%2Fcomments&post=8"}],"version-history":[{"count":71,"href":"https:\/\/www.bestattungen-meid.de\/index.php?rest_route=\/wp\/v2\/pages\/8\/revisions"}],"predecessor-version":[{"id":1242,"href":"https:\/\/www.bestattungen-meid.de\/index.php?rest_route=\/wp\/v2\/pages\/8\/revisions\/1242"}],"wp:attachment":[{"href":"https:\/\/www.bestattungen-meid.de\/index.php?rest_route=%2Fwp%2Fv2%2Fmedia&parent=8"}],"curies":[{"name":"wp","href":"https:\/\/api.w.org\/{rel}","templated":true}]}}