{"id":63,"date":"2015-03-18T11:35:42","date_gmt":"2015-03-18T10:35:42","guid":{"rendered":"http:\/\/www.bestattungen-meid.de\/?page_id=63"},"modified":"2015-04-05T11:09:39","modified_gmt":"2015-04-05T09:09:39","slug":"unser-service-fuer-sie","status":"publish","type":"page","link":"https:\/\/www.bestattungen-meid.de\/?page_id=63","title":{"rendered":"Unser Service f\u00fcr Sie"},"content":{"rendered":"<h1>Unser Service f\u00fcr Sie<strong><br \/>\n<\/strong><\/h1>\n<ul>\n<li>Sie kommen zu uns oder wir kommen zu Ihnen nach Hause, um mit Ihnen in aller Ruhe und Ausf\u00fchrlichkeit die von Ihnen gew\u00fcnschte Beisetzung zu besprechen und festzulegen.<\/li>\n<li>Bestattungen aller Art (Erd-, Feuer-, Luft-, See-, Friedwald sowie anonyme Bestattung) und auf allen Friedh\u00f6fen<\/li>\n<li>\u00dcberf\u00fchrungen im In- und Ausland<\/li>\n<li>Aufbahrung<\/li>\n<li>Aufnahme sowie Beratung von Todesanzeigen und Danksagungen<\/li>\n<li>Trauerdruck<\/li>\n<li>Grabwahlberatung<\/li>\n<li>Koordination der Termine<\/li>\n<li>Beratung und Organisation der Trauermusik<\/li>\n<li>Organisation eines S\u00e4ngers<\/li>\n<li>Organisation eines Trauerredners (siehe Besonderes)<\/li>\n<li>Bestellung des Blumenschmucks<\/li>\n<li>Individuelle Dekoration der Aussegnungshalle<\/li>\n<li>Beratung und Organisation der Lokalit\u00e4t nach der Beisetzung<\/li>\n<li>Bereitstellung und Aush\u00e4ndigung der Kondolenzliste<\/li>\n<li>Betreuung der Angeh\u00f6rige vor und nach der Trauerfeier<\/li>\n<\/ul>\n<h2>Selbstverst\u00e4ndlich erledigen wir f\u00fcr Sie s\u00e4mtliche Formalit\u00e4ten. Sollte ein Dokument fehlen, helfen wir ihnen gerne bei der Beschaffung des fehlenden Dokumentes.<\/h2>\n<ul>\n<li>Abmeldung der Krankenkasse<\/li>\n<li>Beantragung sowie Abmeldung der Rente<\/li>\n<li>Abmeldung von s\u00e4mtlichen Vereins-, und sonstigen Mitgliedschaften oder Abonnements<\/li>\n<li>Abrechnung mit Versicherungen<\/li>\n<\/ul>\n<h2>Wir \u00fcbernehmen nach intensiver Beratung alles Gew\u00fcnschte. Wir sind immer f\u00fcr Sie da!<br \/>\nTag und Nacht.<\/h2>\n<h2><strong>0 72 53 \/ 88 01 30<\/strong><br \/>\n<strong> <a title=\"Kontakt\" href=\"http:\/\/www.bestattungen-meid.de\/?page_id=81\">oder \u00fcber unser Kontaktformular<\/a><\/strong><\/h2>\n","protected":false},"excerpt":{"rendered":"<p>Unser Service f\u00fcr Sie Sie kommen zu uns oder wir kommen zu Ihnen nach Hause, um mit Ihnen in aller Ruhe und Ausf\u00fchrlichkeit die von Ihnen gew\u00fcnschte Beisetzung zu besprechen und festzulegen. Bestattungen aller Art (Erd-, Feuer-, Luft-, See-, Friedwald sowie anonyme Bestattung) und auf allen Friedh\u00f6fen \u00dcberf\u00fchrungen im In- und Ausland Aufbahrung Aufnahme sowie &hellip; <a href=\"https:\/\/www.bestattungen-meid.de\/?page_id=63\" class=\"more-link\">Continue reading <span class=\"screen-reader-text\">Unser Service f\u00fcr Sie<\/span> <span class=\"meta-nav\">&rarr;<\/span><\/a><\/p>\n","protected":false},"author":1,"featured_media":0,"parent":0,"menu_order":0,"comment_status":"closed","ping_status":"closed","template":"","meta":[],"_links":{"self":[{"href":"https:\/\/www.bestattungen-meid.de\/index.php?rest_route=\/wp\/v2\/pages\/63"}],"collection":[{"href":"https:\/\/www.bestattungen-meid.de\/index.php?rest_route=\/wp\/v2\/pages"}],"about":[{"href":"https:\/\/www.bestattungen-meid.de\/index.php?rest_route=\/wp\/v2\/types\/page"}],"author":[{"embeddable":true,"href":"https:\/\/www.bestattungen-meid.de\/index.php?rest_route=\/wp\/v2\/users\/1"}],"replies":[{"embeddable":true,"href":"https:\/\/www.bestattungen-meid.de\/index.php?rest_route=%2Fwp%2Fv2%2Fcomments&post=63"}],"version-history":[{"count":8,"href":"https:\/\/www.bestattungen-meid.de\/index.php?rest_route=\/wp\/v2\/pages\/63\/revisions"}],"predecessor-version":[{"id":265,"href":"https:\/\/www.bestattungen-meid.de\/index.php?rest_route=\/wp\/v2\/pages\/63\/revisions\/265"}],"wp:attachment":[{"href":"https:\/\/www.bestattungen-meid.de\/index.php?rest_route=%2Fwp%2Fv2%2Fmedia&parent=63"}],"curies":[{"name":"wp","href":"https:\/\/api.w.org\/{rel}","templated":true}]}}