{"id":60,"date":"2015-03-18T11:23:08","date_gmt":"2015-03-18T10:23:08","guid":{"rendered":"http:\/\/www.bestattungen-meid.de\/?page_id=60"},"modified":"2015-04-02T14:01:13","modified_gmt":"2015-04-02T12:01:13","slug":"im-trauerfall","status":"publish","type":"page","link":"https:\/\/www.bestattungen-meid.de\/?page_id=60","title":{"rendered":"Im Trauerfall"},"content":{"rendered":"<h1>Was m\u00fcssen Sie bei einem Todesfall tun?<\/h1>\n<ul>\n<li>Hausarzt oder Notarzt verst\u00e4ndigen, der den Tod feststellen muss und die<br \/>\nTodesbescheinigung ausstellt. Bitte halten Sie hierf\u00fcr den Personalausweis des<br \/>\nVerstorbenen bereit.<\/li>\n<li>Falls Sie dies w\u00fcnschen, nehmen Sie Kontakt zu einem Geistlichen oder anderem<br \/>\nBeistand auf.<\/li>\n<li>Treten Sie danach umgehend  unter <strong>0 72 53 \/ 88 01 30 <\/strong>mit uns in Verbindung, da der Leichnam innerhalb von 36 Stunden nach Eintritt des Todes in eine Leichenhalle \u00fcberf\u00fchrt werden muss.<\/li>\n<li>Falls der Verstorbene noch berufst\u00e4tig war, muss der Arbeitgeber benachrichtigt<br \/>\nwerden.<\/li>\n<\/ul>\n<h2>Wir ben\u00f6tigen von Ihnen:<\/h2>\n<ul>\n<li>Personalausweis des Verstorbenen<\/li>\n<li>Bei Ledigen und Minderj\u00e4hrigen eine standesamtliche Geburtsurkunde<\/li>\n<li>Bei Verheirateten bzw. Geschiedenen bzw. Verwitweten die standesamtliche Geburtsurkunde, die Heiratsurkunde (Stammbuch) und das rechtskr\u00e4ftige Scheidungsurteil bzw. die Sterbeurkunde des verstorbenen Ehegatten<\/li>\n<li>Krankenkassenkarte, Versicherungsnummer, Sozialversicherungsnummer<\/li>\n<li>Betriebskartennummer<\/li>\n<li>Personalnummer der Pensionsstelle<\/li>\n<li>Policen (Lebens-, Sterbegeld-, und Unfallversicherungen)<\/li>\n<li>Mitgliedsbescheinigungen von Vereinen<\/li>\n<li>Bestattungsvorsorgevertrag (falls vorhanden)\/ oder Verf\u00fcgung f\u00fcr eine anonyme Beisetzung oder Seebestattung<\/li>\n<li>F\u00fcr den Fall, dass schon eine Grabst\u00e4tte vorhanden ist, die entsprechende Graburkunde<\/li>\n<\/ul>\n","protected":false},"excerpt":{"rendered":"<p>Was m\u00fcssen Sie bei einem Todesfall tun? Hausarzt oder Notarzt verst\u00e4ndigen, der den Tod feststellen muss und die Todesbescheinigung ausstellt. Bitte halten Sie hierf\u00fcr den Personalausweis des Verstorbenen bereit. Falls Sie dies w\u00fcnschen, nehmen Sie Kontakt zu einem Geistlichen oder anderem Beistand auf. Treten Sie danach umgehend unter 0 72 53 \/ 88 01 30 &hellip; <a href=\"https:\/\/www.bestattungen-meid.de\/?page_id=60\" class=\"more-link\">Continue reading <span class=\"screen-reader-text\">Im Trauerfall<\/span> <span class=\"meta-nav\">&rarr;<\/span><\/a><\/p>\n","protected":false},"author":1,"featured_media":0,"parent":0,"menu_order":0,"comment_status":"closed","ping_status":"closed","template":"","meta":[],"_links":{"self":[{"href":"https:\/\/www.bestattungen-meid.de\/index.php?rest_route=\/wp\/v2\/pages\/60"}],"collection":[{"href":"https:\/\/www.bestattungen-meid.de\/index.php?rest_route=\/wp\/v2\/pages"}],"about":[{"href":"https:\/\/www.bestattungen-meid.de\/index.php?rest_route=\/wp\/v2\/types\/page"}],"author":[{"embeddable":true,"href":"https:\/\/www.bestattungen-meid.de\/index.php?rest_route=\/wp\/v2\/users\/1"}],"replies":[{"embeddable":true,"href":"https:\/\/www.bestattungen-meid.de\/index.php?rest_route=%2Fwp%2Fv2%2Fcomments&post=60"}],"version-history":[{"count":3,"href":"https:\/\/www.bestattungen-meid.de\/index.php?rest_route=\/wp\/v2\/pages\/60\/revisions"}],"predecessor-version":[{"id":249,"href":"https:\/\/www.bestattungen-meid.de\/index.php?rest_route=\/wp\/v2\/pages\/60\/revisions\/249"}],"wp:attachment":[{"href":"https:\/\/www.bestattungen-meid.de\/index.php?rest_route=%2Fwp%2Fv2%2Fmedia&parent=60"}],"curies":[{"name":"wp","href":"https:\/\/api.w.org\/{rel}","templated":true}]}}