{"id":253,"date":"2015-04-02T14:33:41","date_gmt":"2015-04-02T12:33:41","guid":{"rendered":"http:\/\/www.bestattungen-meid.de\/?page_id=253"},"modified":"2023-07-27T09:42:17","modified_gmt":"2023-07-27T07:42:17","slug":"individuelles","status":"publish","type":"page","link":"https:\/\/www.bestattungen-meid.de\/?page_id=253","title":{"rendered":"Individuelles"},"content":{"rendered":"\n<h1 class=\"wp-block-heading\">Unsere Trauerredner\/in<\/h1>\n\n\n\n\n\n<div class=\"wp-block-group is-vertical is-nowrap is-layout-flex wp-container-1\">\n<div class=\"wp-block-media-text alignwide is-stacked-on-mobile is-vertically-aligned-top is-image-fill\" style=\"grid-template-columns:30% auto\"><figure class=\"wp-block-media-text__media\" style=\"background-image:url(https:\/\/www.bestattungen-meid.de\/wp-content\/uploads\/2015\/04\/Foto-889x1024.jpg);background-position:50% 50%\"><img decoding=\"async\" loading=\"lazy\" width=\"889\" height=\"1024\" src=\"https:\/\/www.bestattungen-meid.de\/wp-content\/uploads\/2015\/04\/Foto-889x1024.jpg\" alt=\"Trauerrednerin Gitte Henneges\" class=\"wp-image-254 size-full\" srcset=\"https:\/\/www.bestattungen-meid.de\/wp-content\/uploads\/2015\/04\/Foto-889x1024.jpg 889w, https:\/\/www.bestattungen-meid.de\/wp-content\/uploads\/2015\/04\/Foto-260x300.jpg 260w, https:\/\/www.bestattungen-meid.de\/wp-content\/uploads\/2015\/04\/Foto.jpg 1325w\" sizes=\"(max-width: 889px) 100vw, 889px\" \/><\/figure><div class=\"wp-block-media-text__content\">\n<p><span style=\"font-weight: 600;\">Gitte Henneges<\/span><\/p>\n\n\n\n<p>Gitte Henneges hat \u00fcber 20 Jahre Erfahrung in der achtsamen Begegnung mit Menschen, ihren Anliegen, Empfindungen und N\u00f6ten.<br>Als Texterin, Autorin und ausgebildete Hospizhelferin hat sie viel Erfahrung, darin Gef\u00fchle zu ersp\u00fcren und auszudr\u00fccken, was im Herzen gut tut und w\u00e4rmt. Gitte Henneges l\u00e4sst sich intensiv auf den Menschen ein, dessen Leben zu Ende ging. Sie begleitet seinen letzten Weg sehr pers\u00f6nlich und einf\u00fchlsam.<\/p>\n<\/div><\/div>\n\n\n\n<p><\/p>\n<\/div>\n\n\n\n<div class=\"wp-block-group is-vertical is-nowrap is-layout-flex wp-container-2\">\n<div class=\"wp-block-media-text alignwide is-stacked-on-mobile is-vertically-aligned-top is-image-fill\" style=\"grid-template-columns:30% auto\"><figure class=\"wp-block-media-text__media\" style=\"background-image:url(https:\/\/www.bestattungen-meid.de\/wp-content\/uploads\/2023\/03\/01_Jost-Otto-Ludwig-642x1024.jpg);background-position:50% 50%\"><img decoding=\"async\" loading=\"lazy\" width=\"642\" height=\"1024\" src=\"https:\/\/www.bestattungen-meid.de\/wp-content\/uploads\/2023\/03\/01_Jost-Otto-Ludwig-642x1024.jpg\" alt=\"\" class=\"wp-image-1166 size-full\" srcset=\"https:\/\/www.bestattungen-meid.de\/wp-content\/uploads\/2023\/03\/01_Jost-Otto-Ludwig-642x1024.jpg 642w, https:\/\/www.bestattungen-meid.de\/wp-content\/uploads\/2023\/03\/01_Jost-Otto-Ludwig-188x300.jpg 188w, https:\/\/www.bestattungen-meid.de\/wp-content\/uploads\/2023\/03\/01_Jost-Otto-Ludwig-768x1226.jpg 768w, https:\/\/www.bestattungen-meid.de\/wp-content\/uploads\/2023\/03\/01_Jost-Otto-Ludwig-962x1536.jpg 962w, https:\/\/www.bestattungen-meid.de\/wp-content\/uploads\/2023\/03\/01_Jost-Otto-Ludwig-1283x2048.jpg 1283w, https:\/\/www.bestattungen-meid.de\/wp-content\/uploads\/2023\/03\/01_Jost-Otto-Ludwig-scaled.jpg 1604w\" sizes=\"(max-width: 642px) 100vw, 642px\" \/><\/figure><div class=\"wp-block-media-text__content\">\n<p><span style=\"font-weight: 600;\"><strong>Jost-Otto Ludwig<\/strong><\/span><\/p>\n\n\n\n<p>Jost-Otto Ludwig ist seit \u00fcber drei Jahrzehnten im zwischenmenschlichen Bereich t\u00e4tig. Er hat eine psychologische Ausbildung, beweist viel Einf\u00fchlverm\u00f6gen und nahm an Dichterwettbewerben teil. Mit seiner F\u00e4higkeit gef\u00fchlvoll und pers\u00f6nlich zu formulieren, gelingt es ihm mit der Sprache vertraute Momente zu erschaffen, um dem lieben Menschen noch einmal Gestalt zu geben. Damit lebt er seine \u00dcberzeugung: Jedes Leben ist einzigartig und deshalb soll es auch jede Trauerrede sein<\/p>\n<\/div><\/div>\n\n\n\n<p><\/p>\n<\/div>\n\n\n\n<div class=\"wp-block-group is-vertical is-nowrap is-layout-flex wp-container-3\">\n<div class=\"wp-block-media-text alignwide is-stacked-on-mobile is-vertically-aligned-top is-image-fill\" style=\"grid-template-columns:30% auto\"><figure class=\"wp-block-media-text__media\" style=\"background-image:url(https:\/\/www.bestattungen-meid.de\/wp-content\/uploads\/2023\/05\/01__DSC5844-R-sitzend-zu-Lucky-gebeugt.jpg);background-position:50% 50%\"><img decoding=\"async\" loading=\"lazy\" width=\"512\" height=\"768\" src=\"https:\/\/www.bestattungen-meid.de\/wp-content\/uploads\/2023\/05\/01__DSC5844-R-sitzend-zu-Lucky-gebeugt.jpg\" alt=\"\" class=\"wp-image-1178 size-full\" srcset=\"https:\/\/www.bestattungen-meid.de\/wp-content\/uploads\/2023\/05\/01__DSC5844-R-sitzend-zu-Lucky-gebeugt.jpg 512w, https:\/\/www.bestattungen-meid.de\/wp-content\/uploads\/2023\/05\/01__DSC5844-R-sitzend-zu-Lucky-gebeugt-200x300.jpg 200w\" sizes=\"(max-width: 512px) 100vw, 512px\" \/><\/figure><div class=\"wp-block-media-text__content\">\n<p><span style=\"font-weight: 600;\"><strong><strong>Beate Schenk,<\/strong>  Verlust-und Trauerbegleiterin<\/strong><\/span><\/p>\n\n\n\n<p>Beate Schenk, seit 2016 t\u00e4tig als Verlust-und Trauerbegleiterin auch f\u00fcr Kinder und Jugendliche (Mitglied im Bundesverband f\u00fcr Trauerbegleitung e.V.), Psychologische Beraterin\/Coach und Lebensberaterin. Sie begleitet mit Empathie Menschen in Trauer-und Krisensituationen sowie bei schweren Verlusten und ganz individuell nach den Bed\u00fcrfnissen des Trauernden. Unter dem Motto &#8222;Wenn ich gehe, dann geht`s &#8220; macht sie sich mit den Betroffenen im wahrsten Sinne auf den Weg und begleitet sie bei Trauerwanderungen und -gespr\u00e4chen z.B. durch ihren &#8222;Zauberwald&#8220;. Ihr ausgebildeter Therapiehund Lucky ist mit viel Freude auf Wunsch gerne dabei. Schritt f\u00fcr Schritt geht es durch die Trauer hindurch zur\u00fcck ins Leben.<\/p>\n<\/div><\/div>\n\n\n\n<p><\/p>\n<\/div>\n\n\n\n<p><\/p>\n\n\n\n\n\n\n\n<div class=\"wp-block-media-text alignwide is-stacked-on-mobile\"><figure class=\"wp-block-media-text__media\"><\/figure><div class=\"wp-block-media-text__content\">\n<p><\/p>\n<\/div><\/div>\n","protected":false},"excerpt":{"rendered":"<p>Unsere Trauerredner\/in Gitte Henneges Gitte Henneges hat \u00fcber 20 Jahre Erfahrung in der achtsamen Begegnung mit Menschen, ihren Anliegen, Empfindungen und N\u00f6ten.Als Texterin, Autorin und ausgebildete Hospizhelferin hat sie viel Erfahrung, darin Gef\u00fchle zu ersp\u00fcren und auszudr\u00fccken, was im Herzen gut tut und w\u00e4rmt. Gitte Henneges l\u00e4sst sich intensiv auf den Menschen ein, dessen Leben &hellip; <a href=\"https:\/\/www.bestattungen-meid.de\/?page_id=253\" class=\"more-link\">Continue reading <span class=\"screen-reader-text\">Individuelles<\/span> <span class=\"meta-nav\">&rarr;<\/span><\/a><\/p>\n","protected":false},"author":2,"featured_media":0,"parent":0,"menu_order":0,"comment_status":"closed","ping_status":"closed","template":"","meta":[],"_links":{"self":[{"href":"https:\/\/www.bestattungen-meid.de\/index.php?rest_route=\/wp\/v2\/pages\/253"}],"collection":[{"href":"https:\/\/www.bestattungen-meid.de\/index.php?rest_route=\/wp\/v2\/pages"}],"about":[{"href":"https:\/\/www.bestattungen-meid.de\/index.php?rest_route=\/wp\/v2\/types\/page"}],"author":[{"embeddable":true,"href":"https:\/\/www.bestattungen-meid.de\/index.php?rest_route=\/wp\/v2\/users\/2"}],"replies":[{"embeddable":true,"href":"https:\/\/www.bestattungen-meid.de\/index.php?rest_route=%2Fwp%2Fv2%2Fcomments&post=253"}],"version-history":[{"count":18,"href":"https:\/\/www.bestattungen-meid.de\/index.php?rest_route=\/wp\/v2\/pages\/253\/revisions"}],"predecessor-version":[{"id":1223,"href":"https:\/\/www.bestattungen-meid.de\/index.php?rest_route=\/wp\/v2\/pages\/253\/revisions\/1223"}],"wp:attachment":[{"href":"https:\/\/www.bestattungen-meid.de\/index.php?rest_route=%2Fwp%2Fv2%2Fmedia&parent=253"}],"curies":[{"name":"wp","href":"https:\/\/api.w.org\/{rel}","templated":true}]}}